{"id":155,"date":"2018-07-02T08:04:24","date_gmt":"2018-07-02T06:04:24","guid":{"rendered":"http:\/\/scheffler.osec-werbung.de\/fahrrad\/?page_id=155"},"modified":"2023-07-20T18:19:09","modified_gmt":"2023-07-20T16:19:09","slug":"fahrradtransporte","status":"publish","type":"page","link":"https:\/\/scheffler-bad-saarow.de\/fahrrad\/fahrradtransporte\/","title":{"rendered":"Fahrradtransporte"},"content":{"rendered":"<section  class='av_textblock_section av-y7ln-507d63ace29f4f837b5797739576c227'  itemscope=\"itemscope\" itemtype=\"https:\/\/schema.org\/CreativeWork\" ><div class='avia_textblock'  itemprop=\"text\" ><\/div><\/div><\/div><!-- close content main div --><\/div><\/div><div id='revolutionslider_1'  class='avia-layerslider avia-revolutionslider main_color avia-shadow   container_wrap fullsize'  >\n\t\t\t<!-- START Fahrradtransport REVOLUTION SLIDER 6.6.14 --><p class=\"rs-p-wp-fix\"><\/p>\n\t\t\t<rs-module-wrap id=\"rev_slider_6_1_wrapper\" data-source=\"gallery\" style=\"visibility:hidden;background:transparent;padding:0;margin:0px auto;margin-top:0;margin-bottom:0;\">\n\t\t\t\t<rs-module id=\"rev_slider_6_1\" style=\"\" data-version=\"6.6.14\">\n\t\t\t\t\t<rs-slides style=\"overflow: hidden; position: absolute;\">\n\t\t\t\t\t\t<rs-slide style=\"position: absolute;\" data-key=\"rs-9\" data-title=\"Slide\" data-anim=\"f:nodelay;\" data-in=\"o:0;sx:0;sy:0;row:5;col:5;\" data-out=\"a:false;\">\n\t\t\t\t\t\t\t<img decoding=\"async\" src=\"\/\/scheffler-bad-saarow.de\/fahrrad\/wp-content\/plugins\/revslider\/public\/assets\/assets\/dummy.png\" alt=\"\" title=\"Fahrradtransporte\" class=\"rev-slidebg tp-rs-img rs-lazyload\" data-lazyload=\"\/\/scheffler-bad-saarow.de\/fahrrad\/wp-content\/uploads\/sites\/3\/2018\/07\/Transporter-AdobeStock_188962361.jpg\" data-no-retina>\n<!--\n\t\t\t\t\t\t\t--><rs-layer\n\t\t\t\t\t\t\t\tid=\"slider-6-slide-9-layer-1\" \n\t\t\t\t\t\t\t\tdata-type=\"text\"\n\t\t\t\t\t\t\t\tdata-rsp_ch=\"on\"\n\t\t\t\t\t\t\t\tdata-xy=\"x:r,r,c,c;xo:50px,50px,0,0;y:t,t,b,m;yo:80px,80px,160px,175px;\"\n\t\t\t\t\t\t\t\tdata-text=\"w:nowrap,nowrap,normal,normal;s:80,80,60,30;l:85,85,60,30;fw:600;a:left,left,center,center;\"\n\t\t\t\t\t\t\t\tdata-dim=\"w:auto,auto,779px,100%;\"\n\t\t\t\t\t\t\t\tdata-basealign=\"slide\"\n\t\t\t\t\t\t\t\tdata-padding=\"t:20;r:20;b:20;l:20;\"\n\t\t\t\t\t\t\t\tdata-frame_0=\"sX:2;sY:2;tp:600;\"\n\t\t\t\t\t\t\t\tdata-frame_0_mask=\"u:t;\"\n\t\t\t\t\t\t\t\tdata-frame_1=\"tp:600;e:power2.out;st:1000;sp:1500;sR:1000;\"\n\t\t\t\t\t\t\t\tdata-frame_1_mask=\"u:t;\"\n\t\t\t\t\t\t\t\tdata-frame_999=\"o:0;tp:600;st:w;sR:6500;\"\n\t\t\t\t\t\t\t\tstyle=\"z-index:5;background-color:rgba(0,0,0,0.8);font-family:'Barlow';\"\n\t\t\t\t\t\t\t>NUTZEN SIE UNSEREN \n<br \/> HOL- & BRINGDIENST \n<br \/> F\u00dcR LEIHFAHRR\u00c4DER \n\t\t\t\t\t\t\t<\/rs-layer><!--\n\n\t\t\t\t\t\t\t--><rs-layer\n\t\t\t\t\t\t\t\tid=\"slider-6-slide-9-layer-2\" \n\t\t\t\t\t\t\t\tdata-type=\"text\"\n\t\t\t\t\t\t\t\tdata-rsp_ch=\"on\"\n\t\t\t\t\t\t\t\tdata-xy=\"x:r,r,c,c;xo:50px,50px,0,0;y:t,t,b,b;yo:400px,400px,20px,20px;\"\n\t\t\t\t\t\t\t\tdata-text=\"w:nowrap,nowrap,nowrap,normal;s:35,35,30,20;l:40,40,30,18;fw:600;a:left,left,center,center;\"\n\t\t\t\t\t\t\t\tdata-dim=\"w:auto,auto,100%,100%;\"\n\t\t\t\t\t\t\t\tdata-basealign=\"slide\"\n\t\t\t\t\t\t\t\tdata-padding=\"t:20;r:20;b:20;l:20;\"\n\t\t\t\t\t\t\t\tdata-frame_0=\"sX:2;sY:2;tp:600;\"\n\t\t\t\t\t\t\t\tdata-frame_0_mask=\"u:t;\"\n\t\t\t\t\t\t\t\tdata-frame_1=\"tp:600;e:power2.out;st:1500;sp:1500;sR:1500;\"\n\t\t\t\t\t\t\t\tdata-frame_1_mask=\"u:t;\"\n\t\t\t\t\t\t\t\tdata-frame_999=\"o:0;tp:600;st:w;sR:6000;\"\n\t\t\t\t\t\t\t\tstyle=\"z-index:6;background-color:rgba(238,114,3,0.9);font-family:'Barlow';\"\n\t\t\t\t\t\t\t>Wir bringen Ihnen unsere Leihfahrr\u00e4der <br \/> zum Startpunkt Ihrer Wahl <br \/> und holen diese auch vom Endpunkt ab. \n\t\t\t\t\t\t\t<\/rs-layer><!--\n-->\t\t\t\t\t\t<\/rs-slide>\n\t\t\t\t\t<\/rs-slides>\n\t\t\t\t<\/rs-module>\n\t\t\t\t<script>\n\t\t\t\t\tsetREVStartSize({c: 'rev_slider_6_1',rl:[1240,1240,778,480],el:[],gw:[1920,1920,778,480],gh:[700,700,960,720],type:'standard',justify:'',layout:'fullwidth',mh:\"0\"});if (window.RS_MODULES!==undefined && window.RS_MODULES.modules!==undefined && window.RS_MODULES.modules[\"revslider61\"]!==undefined) {window.RS_MODULES.modules[\"revslider61\"].once = false;window.revapi6 = undefined;if (window.RS_MODULES.checkMinimal!==undefined) window.RS_MODULES.checkMinimal()}\n\t\t\t\t<\/script>\n\t\t\t<\/rs-module-wrap>\n\t\t\t<!-- END REVOLUTION SLIDER -->\n<\/div>\n<\/div><\/section>\n<\/div><\/div><\/div><!-- close content main div --><\/div><\/div>\n<style type=\"text\/css\" data-created_by=\"avia_inline_auto\" id=\"style-css-av-jk2pay1j-f5c0e9e8149756cc11c41c23d966b472\">\n.avia-section.av-jk2pay1j-f5c0e9e8149756cc11c41c23d966b472{\nbackground-color:#e6e6e6;\nbackground-image:unset;\n}\n.avia-section.av-jk2pay1j-f5c0e9e8149756cc11c41c23d966b472 .av-extra-border-element .av-extra-border-inner{\nbackground-color:#e6e6e6;\n}\n<\/style>\n<div id='av_section_1'  class='avia-section av-jk2pay1j-f5c0e9e8149756cc11c41c23d966b472 main_color avia-section-large avia-no-border-styling  avia-builder-el-1  el_after_av_textblock  avia-builder-el-last  avia-bg-style-scroll av-arrow-down-section container_wrap fullsize'  ><div class='container av-section-cont-open' ><div class='template-page content  av-content-full alpha units'><div class='post-entry post-entry-type-page post-entry-155'><div class='entry-content-wrapper clearfix'>\n\n<style type=\"text\/css\" data-created_by=\"avia_inline_auto\" id=\"style-css-av-20bt03-35fbe6b8af601be8cbe51647a8ab7bcd\">\n.flex_column.av-20bt03-35fbe6b8af601be8cbe51647a8ab7bcd{\n-webkit-border-radius:0px 0px 0px 0px;\n-moz-border-radius:0px 0px 0px 0px;\nborder-radius:0px 0px 0px 0px;\npadding:0px 0px 0px 0px;\n}\n<\/style>\n<div class='flex_column av-20bt03-35fbe6b8af601be8cbe51647a8ab7bcd av_one_half  avia-builder-el-2  el_before_av_one_half  avia-builder-el-first  first flex_column_div av-zero-column-padding '     ><p>\n<style type=\"text\/css\" data-created_by=\"avia_inline_auto\" id=\"style-css-av-v0oqj-8f264669374fca6f94cfded80eb1bb2b\">\n#top .av-special-heading.av-v0oqj-8f264669374fca6f94cfded80eb1bb2b{\npadding-bottom:10px;\n}\nbody .av-special-heading.av-v0oqj-8f264669374fca6f94cfded80eb1bb2b .av-special-heading-tag .heading-char{\nfont-size:25px;\n}\n.av-special-heading.av-v0oqj-8f264669374fca6f94cfded80eb1bb2b .av-subheading{\nfont-size:15px;\n}\n<\/style>\n<div  class='av-special-heading av-v0oqj-8f264669374fca6f94cfded80eb1bb2b av-special-heading-h2 blockquote modern-quote  avia-builder-el-3  el_before_av_textblock  avia-builder-el-first '><h2 class='av-special-heading-tag'  itemprop=\"headline\"  >Hol- und Bring-Service f\u00fcr Leihfahrr\u00e4der und Werkstattreparaturen<\/h2><div class=\"special-heading-border\"><div class=\"special-heading-inner-border\"><\/div><\/div><\/div><br \/>\n<section  class='av_textblock_section av-jj3vbd09-89d53b726efb28c161572b09e2a20f2d'  itemscope=\"itemscope\" itemtype=\"https:\/\/schema.org\/CreativeWork\" ><div class='avia_textblock'  itemprop=\"text\" ><p>Wir bringen Ihnen unsere Leihfahrr\u00e4der zum Startpunkt Ihrer Wahl und holen diese auch vom Endpunkt ab.<br \/>\nWir k\u00f6nnen bis zu 50 Fahrr\u00e4der k\u00f6nnen gleichzeitig transportieren.<br \/>\nErfragen Sie einfach ein Angebot.<\/p>\n<\/div><\/section><\/p><\/div>\n<style type=\"text\/css\" data-created_by=\"avia_inline_auto\" id=\"style-css-av-av_one_half-862f0c8b97abc46405e90743a1c7ee0e\">\n.flex_column.av-av_one_half-862f0c8b97abc46405e90743a1c7ee0e{\n-webkit-border-radius:0px 0px 0px 0px;\n-moz-border-radius:0px 0px 0px 0px;\nborder-radius:0px 0px 0px 0px;\npadding:0px 0px 0px 0px;\n}\n<\/style>\n<div class='flex_column av-av_one_half-862f0c8b97abc46405e90743a1c7ee0e av_one_half  avia-builder-el-5  el_after_av_one_half  avia-builder-el-last  flex_column_div av-zero-column-padding '     ><style type=\"text\/css\" data-created_by=\"avia_inline_auto\" id=\"style-css-av-av_image-8d19c751f93dfaa7c5a53a7ed493e486\">\n.avia-image-container.av-av_image-8d19c751f93dfaa7c5a53a7ed493e486 img.avia_image{\nbox-shadow:none;\n}\n.avia-image-container.av-av_image-8d19c751f93dfaa7c5a53a7ed493e486 .av-image-caption-overlay-center{\ncolor:#ffffff;\n}\n<\/style>\n<div  class='avia-image-container av-av_image-8d19c751f93dfaa7c5a53a7ed493e486 av-styling-no-styling avia_animated_image av-animated-when-visible-95 pop-up avia-align-center  avia-builder-el-6  avia-builder-el-no-sibling  av-mini-hide'   itemprop=\"image\" itemscope=\"itemscope\" itemtype=\"https:\/\/schema.org\/ImageObject\" ><div class=\"avia-image-container-inner\"><div class=\"avia-image-overlay-wrap\"><img class='wp-image-668 avia-img-lazy-loading-not-668 avia_image ' src='https:\/\/scheffler-bad-saarow.de\/fahrrad\/wp-content\/uploads\/sites\/3\/2018\/08\/fahrradtransport-AdobeStock_132203772.jpg' alt='' title='fahrradtransport-AdobeStock_132203772'  height=\"1000\" width=\"1000\"  itemprop=\"thumbnailUrl\"  \/><\/div><\/div><\/div><\/div>\n","protected":false},"excerpt":{"rendered":"","protected":false},"author":1,"featured_media":0,"parent":0,"menu_order":0,"comment_status":"closed","ping_status":"closed","template":"","meta":{"footnotes":""},"class_list":["post-155","page","type-page","status-publish","hentry"],"yoast_head":"<!-- This site is optimized with the Yoast SEO plugin v27.4 - https:\/\/yoast.com\/product\/yoast-seo-wordpress\/ -->\n<title>Fahrradtransporte - Scheffler - Home Of Bikes<\/title>\n<meta name=\"robots\" content=\"index, follow, max-snippet:-1, max-image-preview:large, max-video-preview:-1\" \/>\n<link rel=\"canonical\" href=\"https:\/\/scheffler-bad-saarow.de\/fahrrad\/fahrradtransporte\/\" \/>\n<meta property=\"og:locale\" content=\"de_DE\" \/>\n<meta property=\"og:type\" content=\"article\" \/>\n<meta property=\"og:title\" content=\"Fahrradtransporte - Scheffler - Home Of Bikes\" \/>\n<meta property=\"og:url\" content=\"https:\/\/scheffler-bad-saarow.de\/fahrrad\/fahrradtransporte\/\" \/>\n<meta property=\"og:site_name\" content=\"Scheffler - Home Of Bikes\" \/>\n<meta property=\"article:modified_time\" content=\"2023-07-20T16:19:09+00:00\" \/>\n<meta name=\"twitter:card\" content=\"summary_large_image\" \/>\n<meta name=\"twitter:label1\" content=\"Gesch\u00e4tzte Lesezeit\" \/>\n\t<meta name=\"twitter:data1\" content=\"2\u00a0Minuten\" \/>\n<script type=\"application\/ld+json\" class=\"yoast-schema-graph\">{\"@context\":\"https:\\\/\\\/schema.org\",\"@graph\":[{\"@type\":\"WebPage\",\"@id\":\"https:\\\/\\\/scheffler-bad-saarow.de\\\/fahrrad\\\/fahrradtransporte\\\/\",\"url\":\"https:\\\/\\\/scheffler-bad-saarow.de\\\/fahrrad\\\/fahrradtransporte\\\/\",\"name\":\"Fahrradtransporte - Scheffler - Home Of Bikes\",\"isPartOf\":{\"@id\":\"https:\\\/\\\/scheffler-bad-saarow.de\\\/fahrrad\\\/#website\"},\"datePublished\":\"2018-07-02T06:04:24+00:00\",\"dateModified\":\"2023-07-20T16:19:09+00:00\",\"breadcrumb\":{\"@id\":\"https:\\\/\\\/scheffler-bad-saarow.de\\\/fahrrad\\\/fahrradtransporte\\\/#breadcrumb\"},\"inLanguage\":\"de\",\"potentialAction\":[{\"@type\":\"ReadAction\",\"target\":[\"https:\\\/\\\/scheffler-bad-saarow.de\\\/fahrrad\\\/fahrradtransporte\\\/\"]}]},{\"@type\":\"BreadcrumbList\",\"@id\":\"https:\\\/\\\/scheffler-bad-saarow.de\\\/fahrrad\\\/fahrradtransporte\\\/#breadcrumb\",\"itemListElement\":[{\"@type\":\"ListItem\",\"position\":1,\"name\":\"Startseite\",\"item\":\"https:\\\/\\\/scheffler-bad-saarow.de\\\/fahrrad\\\/\"},{\"@type\":\"ListItem\",\"position\":2,\"name\":\"Fahrradtransporte\"}]},{\"@type\":\"WebSite\",\"@id\":\"https:\\\/\\\/scheffler-bad-saarow.de\\\/fahrrad\\\/#website\",\"url\":\"https:\\\/\\\/scheffler-bad-saarow.de\\\/fahrrad\\\/\",\"name\":\"Scheffler - Home Of Bikes\",\"description\":\"Eine weitere Scheffler Websites Website\",\"potentialAction\":[{\"@type\":\"SearchAction\",\"target\":{\"@type\":\"EntryPoint\",\"urlTemplate\":\"https:\\\/\\\/scheffler-bad-saarow.de\\\/fahrrad\\\/?s={search_term_string}\"},\"query-input\":{\"@type\":\"PropertyValueSpecification\",\"valueRequired\":true,\"valueName\":\"search_term_string\"}}],\"inLanguage\":\"de\"}]}<\/script>\n<!-- \/ Yoast SEO plugin. -->","yoast_head_json":{"title":"Fahrradtransporte - Scheffler - Home Of Bikes","robots":{"index":"index","follow":"follow","max-snippet":"max-snippet:-1","max-image-preview":"max-image-preview:large","max-video-preview":"max-video-preview:-1"},"canonical":"https:\/\/scheffler-bad-saarow.de\/fahrrad\/fahrradtransporte\/","og_locale":"de_DE","og_type":"article","og_title":"Fahrradtransporte - Scheffler - Home Of Bikes","og_url":"https:\/\/scheffler-bad-saarow.de\/fahrrad\/fahrradtransporte\/","og_site_name":"Scheffler - Home Of Bikes","article_modified_time":"2023-07-20T16:19:09+00:00","twitter_card":"summary_large_image","twitter_misc":{"Gesch\u00e4tzte Lesezeit":"2\u00a0Minuten"},"schema":{"@context":"https:\/\/schema.org","@graph":[{"@type":"WebPage","@id":"https:\/\/scheffler-bad-saarow.de\/fahrrad\/fahrradtransporte\/","url":"https:\/\/scheffler-bad-saarow.de\/fahrrad\/fahrradtransporte\/","name":"Fahrradtransporte - Scheffler - Home Of Bikes","isPartOf":{"@id":"https:\/\/scheffler-bad-saarow.de\/fahrrad\/#website"},"datePublished":"2018-07-02T06:04:24+00:00","dateModified":"2023-07-20T16:19:09+00:00","breadcrumb":{"@id":"https:\/\/scheffler-bad-saarow.de\/fahrrad\/fahrradtransporte\/#breadcrumb"},"inLanguage":"de","potentialAction":[{"@type":"ReadAction","target":["https:\/\/scheffler-bad-saarow.de\/fahrrad\/fahrradtransporte\/"]}]},{"@type":"BreadcrumbList","@id":"https:\/\/scheffler-bad-saarow.de\/fahrrad\/fahrradtransporte\/#breadcrumb","itemListElement":[{"@type":"ListItem","position":1,"name":"Startseite","item":"https:\/\/scheffler-bad-saarow.de\/fahrrad\/"},{"@type":"ListItem","position":2,"name":"Fahrradtransporte"}]},{"@type":"WebSite","@id":"https:\/\/scheffler-bad-saarow.de\/fahrrad\/#website","url":"https:\/\/scheffler-bad-saarow.de\/fahrrad\/","name":"Scheffler - Home Of Bikes","description":"Eine weitere Scheffler Websites Website","potentialAction":[{"@type":"SearchAction","target":{"@type":"EntryPoint","urlTemplate":"https:\/\/scheffler-bad-saarow.de\/fahrrad\/?s={search_term_string}"},"query-input":{"@type":"PropertyValueSpecification","valueRequired":true,"valueName":"search_term_string"}}],"inLanguage":"de"}]}},"_links":{"self":[{"href":"https:\/\/scheffler-bad-saarow.de\/fahrrad\/wp-json\/wp\/v2\/pages\/155","targetHints":{"allow":["GET"]}}],"collection":[{"href":"https:\/\/scheffler-bad-saarow.de\/fahrrad\/wp-json\/wp\/v2\/pages"}],"about":[{"href":"https:\/\/scheffler-bad-saarow.de\/fahrrad\/wp-json\/wp\/v2\/types\/page"}],"author":[{"embeddable":true,"href":"https:\/\/scheffler-bad-saarow.de\/fahrrad\/wp-json\/wp\/v2\/users\/1"}],"replies":[{"embeddable":true,"href":"https:\/\/scheffler-bad-saarow.de\/fahrrad\/wp-json\/wp\/v2\/comments?post=155"}],"version-history":[{"count":21,"href":"https:\/\/scheffler-bad-saarow.de\/fahrrad\/wp-json\/wp\/v2\/pages\/155\/revisions"}],"predecessor-version":[{"id":1486,"href":"https:\/\/scheffler-bad-saarow.de\/fahrrad\/wp-json\/wp\/v2\/pages\/155\/revisions\/1486"}],"wp:attachment":[{"href":"https:\/\/scheffler-bad-saarow.de\/fahrrad\/wp-json\/wp\/v2\/media?parent=155"}],"curies":[{"name":"wp","href":"https:\/\/api.w.org\/{rel}","templated":true}]}}