{"id":176,"date":"2018-07-02T09:44:10","date_gmt":"2018-07-02T07:44:10","guid":{"rendered":"http:\/\/scheffler.osec-werbung.de\/fahrrad\/?page_id=176"},"modified":"2018-07-02T09:44:10","modified_gmt":"2018-07-02T07:44:10","slug":"impressum-2","status":"publish","type":"page","link":"https:\/\/scheffler-bad-saarow.de\/fahrrad\/impressum-2\/","title":{"rendered":"Impressum"},"content":{"rendered":"<div class=\"entry-content\">\n<h1>Impressum<\/h1>\n<h2>Angaben gem\u00e4\u00df \u00a7 5 TMG:<\/h2>\n<p>Ernest Scheffler<br \/>\nHome of Bikes<br \/>\nGolmer Stra\u00dfe 6b<br \/>\n15526 Bad Saarow<\/p>\n<h2>Kontakt:<\/h2>\n<p>Telefon: (033631) 58 800<br \/>\nTelefax: (033631) 82 021<br \/>\nE-Mail: info@scheffler-bad-saarow.de<\/p>\n<h2>Umsatzsteuer:<\/h2>\n<p>Umsatzsteuer-Identifikationsnummer gem\u00e4\u00df \u00a727 a Umsatzsteuergesetz:<br \/>\nDE 189 278 309<\/p>\n<h2>Streitschlichtung<\/h2>\n<p>Die Europ\u00e4ische Kommission stellt eine Plattform zur Online-Streitbeilegung (OS) bereit: <a href=\"httpss:\/\/ec.europa.eu\/consumers\/odr\" target=\"_blank\" rel=\"noopener\">httpss:\/\/ec.europa.eu\/consumers\/odr<\/a>.<br \/>\nUnsere E-Mail-Adresse finden Sie oben im Impressum.<\/p>\n<p>Wir sind nicht bereit oder verpflichtet, an Streitbeilegungsverfahren vor einer Verbraucherschlichtungsstelle teilzunehmen.<\/p>\n<h3>Haftung f\u00fcr Inhalte<\/h3>\n<p>Als Diensteanbieter sind wir gem\u00e4\u00df \u00a7 7 Abs.1 TMG f\u00fcr eigene Inhalte auf diesen Seiten nach den allgemeinen Gesetzen verantwortlich. Nach \u00a7\u00a7 8 bis 10 TMG sind wir als Diensteanbieter jedoch nicht verpflichtet, \u00fcbermittelte oder gespeicherte fremde Informationen zu \u00fcberwachen oder nach Umst\u00e4nden zu forschen, die auf eine rechtswidrige T\u00e4tigkeit hinweisen.<\/p>\n<p>Verpflichtungen zur Entfernung oder Sperrung der Nutzung von Informationen nach den allgemeinen Gesetzen bleiben hiervon unber\u00fchrt. Eine diesbez\u00fcgliche Haftung ist jedoch erst ab dem Zeitpunkt der Kenntnis einer konkreten Rechtsverletzung m\u00f6glich. Bei Bekanntwerden von entsprechenden Rechtsverletzungen werden wir diese Inhalte umgehend entfernen.<\/p>\n<h3>Haftung f\u00fcr Links<\/h3>\n<p>Unser Angebot enth\u00e4lt Links zu externen Websites Dritter, auf deren Inhalte wir keinen Einfluss haben. Deshalb k\u00f6nnen wir f\u00fcr diese fremden Inhalte auch keine Gew\u00e4hr \u00fcbernehmen. F\u00fcr die Inhalte der verlinkten Seiten ist stets der jeweilige Anbieter oder Betreiber der Seiten verantwortlich. Die verlinkten Seiten wurden zum Zeitpunkt der Verlinkung auf m\u00f6gliche Rechtsverst\u00f6\u00dfe \u00fcberpr\u00fcft. Rechtswidrige Inhalte waren zum Zeitpunkt der Verlinkung nicht erkennbar.<\/p>\n<p>Eine permanente inhaltliche Kontrolle der verlinkten Seiten ist jedoch ohne konkrete Anhaltspunkte einer Rechtsverletzung nicht zumutbar. Bei Bekanntwerden von Rechtsverletzungen werden wir derartige Links umgehend entfernen.<\/p>\n<h3>Urheberrecht<\/h3>\n<p>Die durch die Seitenbetreiber erstellten Inhalte und Werke auf diesen Seiten unterliegen dem deutschen Urheberrecht. Die Vervielf\u00e4ltigung, Bearbeitung, Verbreitung und jede Art der Verwertung au\u00dferhalb der Grenzen des Urheberrechtes bed\u00fcrfen der schriftlichen Zustimmung des jeweiligen Autors bzw. Erstellers. Downloads und Kopien dieser Seite sind nur f\u00fcr den privaten, nicht kommerziellen Gebrauch gestattet.<\/p>\n<p>Soweit die Inhalte auf dieser Seite nicht vom Betreiber erstellt wurden, werden die Urheberrechte Dritter beachtet. Insbesondere werden Inhalte Dritter als solche gekennzeichnet. Sollten Sie trotzdem auf eine Urheberrechtsverletzung aufmerksam werden, bitten wir um einen entsprechenden Hinweis. Bei Bekanntwerden von Rechtsverletzungen werden wir derartige Inhalte umgehend entfernen.<\/p>\n<\/div>\n","protected":false},"excerpt":{"rendered":"<p>Impressum Angaben gem\u00e4\u00df \u00a7 5 TMG: Ernest Scheffler Home of Bikes Golmer Stra\u00dfe 6b 15526 Bad Saarow Kontakt: Telefon: (033631) 58 800 Telefax: (033631) 82 021 E-Mail: info@scheffler-bad-saarow.de Umsatzsteuer: Umsatzsteuer-Identifikationsnummer gem\u00e4\u00df \u00a727 a Umsatzsteuergesetz: DE 189 278 309 Streitschlichtung Die Europ\u00e4ische Kommission stellt eine Plattform zur Online-Streitbeilegung (OS) bereit: httpss:\/\/ec.europa.eu\/consumers\/odr. Unsere E-Mail-Adresse finden Sie oben [&hellip;]<\/p>\n","protected":false},"author":1,"featured_media":0,"parent":0,"menu_order":0,"comment_status":"closed","ping_status":"closed","template":"","meta":{"footnotes":""},"class_list":["post-176","page","type-page","status-publish","hentry"],"yoast_head":"<!-- This site is optimized with the Yoast SEO plugin v27.4 - https:\/\/yoast.com\/product\/yoast-seo-wordpress\/ -->\n<title>Impressum - Scheffler - Home Of Bikes<\/title>\n<meta name=\"robots\" content=\"index, follow, max-snippet:-1, max-image-preview:large, max-video-preview:-1\" \/>\n<link rel=\"canonical\" href=\"https:\/\/scheffler-bad-saarow.de\/fahrrad\/impressum-2\/\" \/>\n<meta property=\"og:locale\" content=\"de_DE\" \/>\n<meta property=\"og:type\" content=\"article\" \/>\n<meta property=\"og:title\" content=\"Impressum - Scheffler - Home Of Bikes\" \/>\n<meta property=\"og:description\" content=\"Impressum Angaben gem\u00e4\u00df \u00a7 5 TMG: Ernest Scheffler Home of Bikes Golmer Stra\u00dfe 6b 15526 Bad Saarow Kontakt: Telefon: (033631) 58 800 Telefax: (033631) 82 021 E-Mail: info@scheffler-bad-saarow.de Umsatzsteuer: Umsatzsteuer-Identifikationsnummer gem\u00e4\u00df \u00a727 a Umsatzsteuergesetz: DE 189 278 309 Streitschlichtung Die Europ\u00e4ische Kommission stellt eine Plattform zur Online-Streitbeilegung (OS) bereit: httpss:\/\/ec.europa.eu\/consumers\/odr. Unsere E-Mail-Adresse finden Sie oben [&hellip;]\" \/>\n<meta property=\"og:url\" content=\"https:\/\/scheffler-bad-saarow.de\/fahrrad\/impressum-2\/\" \/>\n<meta property=\"og:site_name\" content=\"Scheffler - Home Of Bikes\" \/>\n<meta name=\"twitter:card\" content=\"summary_large_image\" \/>\n<meta name=\"twitter:label1\" content=\"Gesch\u00e4tzte Lesezeit\" \/>\n\t<meta name=\"twitter:data1\" content=\"2\u00a0Minuten\" \/>\n<script type=\"application\/ld+json\" class=\"yoast-schema-graph\">{\"@context\":\"https:\\\/\\\/schema.org\",\"@graph\":[{\"@type\":\"WebPage\",\"@id\":\"https:\\\/\\\/scheffler-bad-saarow.de\\\/fahrrad\\\/impressum-2\\\/\",\"url\":\"https:\\\/\\\/scheffler-bad-saarow.de\\\/fahrrad\\\/impressum-2\\\/\",\"name\":\"Impressum - Scheffler - Home Of Bikes\",\"isPartOf\":{\"@id\":\"https:\\\/\\\/scheffler-bad-saarow.de\\\/fahrrad\\\/#website\"},\"datePublished\":\"2018-07-02T07:44:10+00:00\",\"breadcrumb\":{\"@id\":\"https:\\\/\\\/scheffler-bad-saarow.de\\\/fahrrad\\\/impressum-2\\\/#breadcrumb\"},\"inLanguage\":\"de\",\"potentialAction\":[{\"@type\":\"ReadAction\",\"target\":[\"https:\\\/\\\/scheffler-bad-saarow.de\\\/fahrrad\\\/impressum-2\\\/\"]}]},{\"@type\":\"BreadcrumbList\",\"@id\":\"https:\\\/\\\/scheffler-bad-saarow.de\\\/fahrrad\\\/impressum-2\\\/#breadcrumb\",\"itemListElement\":[{\"@type\":\"ListItem\",\"position\":1,\"name\":\"Startseite\",\"item\":\"https:\\\/\\\/scheffler-bad-saarow.de\\\/fahrrad\\\/\"},{\"@type\":\"ListItem\",\"position\":2,\"name\":\"Impressum\"}]},{\"@type\":\"WebSite\",\"@id\":\"https:\\\/\\\/scheffler-bad-saarow.de\\\/fahrrad\\\/#website\",\"url\":\"https:\\\/\\\/scheffler-bad-saarow.de\\\/fahrrad\\\/\",\"name\":\"Scheffler - Home Of Bikes\",\"description\":\"Eine weitere Scheffler Websites Website\",\"potentialAction\":[{\"@type\":\"SearchAction\",\"target\":{\"@type\":\"EntryPoint\",\"urlTemplate\":\"https:\\\/\\\/scheffler-bad-saarow.de\\\/fahrrad\\\/?s={search_term_string}\"},\"query-input\":{\"@type\":\"PropertyValueSpecification\",\"valueRequired\":true,\"valueName\":\"search_term_string\"}}],\"inLanguage\":\"de\"}]}<\/script>\n<!-- \/ Yoast SEO plugin. -->","yoast_head_json":{"title":"Impressum - Scheffler - Home Of Bikes","robots":{"index":"index","follow":"follow","max-snippet":"max-snippet:-1","max-image-preview":"max-image-preview:large","max-video-preview":"max-video-preview:-1"},"canonical":"https:\/\/scheffler-bad-saarow.de\/fahrrad\/impressum-2\/","og_locale":"de_DE","og_type":"article","og_title":"Impressum - Scheffler - Home Of Bikes","og_description":"Impressum Angaben gem\u00e4\u00df \u00a7 5 TMG: Ernest Scheffler Home of Bikes Golmer Stra\u00dfe 6b 15526 Bad Saarow Kontakt: Telefon: (033631) 58 800 Telefax: (033631) 82 021 E-Mail: info@scheffler-bad-saarow.de Umsatzsteuer: Umsatzsteuer-Identifikationsnummer gem\u00e4\u00df \u00a727 a Umsatzsteuergesetz: DE 189 278 309 Streitschlichtung Die Europ\u00e4ische Kommission stellt eine Plattform zur Online-Streitbeilegung (OS) bereit: httpss:\/\/ec.europa.eu\/consumers\/odr. Unsere E-Mail-Adresse finden Sie oben [&hellip;]","og_url":"https:\/\/scheffler-bad-saarow.de\/fahrrad\/impressum-2\/","og_site_name":"Scheffler - Home Of Bikes","twitter_card":"summary_large_image","twitter_misc":{"Gesch\u00e4tzte Lesezeit":"2\u00a0Minuten"},"schema":{"@context":"https:\/\/schema.org","@graph":[{"@type":"WebPage","@id":"https:\/\/scheffler-bad-saarow.de\/fahrrad\/impressum-2\/","url":"https:\/\/scheffler-bad-saarow.de\/fahrrad\/impressum-2\/","name":"Impressum - Scheffler - Home Of Bikes","isPartOf":{"@id":"https:\/\/scheffler-bad-saarow.de\/fahrrad\/#website"},"datePublished":"2018-07-02T07:44:10+00:00","breadcrumb":{"@id":"https:\/\/scheffler-bad-saarow.de\/fahrrad\/impressum-2\/#breadcrumb"},"inLanguage":"de","potentialAction":[{"@type":"ReadAction","target":["https:\/\/scheffler-bad-saarow.de\/fahrrad\/impressum-2\/"]}]},{"@type":"BreadcrumbList","@id":"https:\/\/scheffler-bad-saarow.de\/fahrrad\/impressum-2\/#breadcrumb","itemListElement":[{"@type":"ListItem","position":1,"name":"Startseite","item":"https:\/\/scheffler-bad-saarow.de\/fahrrad\/"},{"@type":"ListItem","position":2,"name":"Impressum"}]},{"@type":"WebSite","@id":"https:\/\/scheffler-bad-saarow.de\/fahrrad\/#website","url":"https:\/\/scheffler-bad-saarow.de\/fahrrad\/","name":"Scheffler - Home Of Bikes","description":"Eine weitere Scheffler Websites Website","potentialAction":[{"@type":"SearchAction","target":{"@type":"EntryPoint","urlTemplate":"https:\/\/scheffler-bad-saarow.de\/fahrrad\/?s={search_term_string}"},"query-input":{"@type":"PropertyValueSpecification","valueRequired":true,"valueName":"search_term_string"}}],"inLanguage":"de"}]}},"_links":{"self":[{"href":"https:\/\/scheffler-bad-saarow.de\/fahrrad\/wp-json\/wp\/v2\/pages\/176","targetHints":{"allow":["GET"]}}],"collection":[{"href":"https:\/\/scheffler-bad-saarow.de\/fahrrad\/wp-json\/wp\/v2\/pages"}],"about":[{"href":"https:\/\/scheffler-bad-saarow.de\/fahrrad\/wp-json\/wp\/v2\/types\/page"}],"author":[{"embeddable":true,"href":"https:\/\/scheffler-bad-saarow.de\/fahrrad\/wp-json\/wp\/v2\/users\/1"}],"replies":[{"embeddable":true,"href":"https:\/\/scheffler-bad-saarow.de\/fahrrad\/wp-json\/wp\/v2\/comments?post=176"}],"version-history":[{"count":2,"href":"https:\/\/scheffler-bad-saarow.de\/fahrrad\/wp-json\/wp\/v2\/pages\/176\/revisions"}],"predecessor-version":[{"id":178,"href":"https:\/\/scheffler-bad-saarow.de\/fahrrad\/wp-json\/wp\/v2\/pages\/176\/revisions\/178"}],"wp:attachment":[{"href":"https:\/\/scheffler-bad-saarow.de\/fahrrad\/wp-json\/wp\/v2\/media?parent=176"}],"curies":[{"name":"wp","href":"https:\/\/api.w.org\/{rel}","templated":true}]}}