{"id":1402,"date":"2022-09-05T13:54:57","date_gmt":"2022-09-05T11:54:57","guid":{"rendered":"https:\/\/scheffler-bad-saarow.de\/fahrrad\/?post_type=product&#038;p=1402"},"modified":"2024-07-10T05:00:59","modified_gmt":"2024-07-10T03:00:59","slug":"ktm-macina-tour-p510","status":"publish","type":"product","link":"https:\/\/scheffler-bad-saarow.de\/fahrrad\/produkt\/ktm-macina-tour-p510\/","title":{"rendered":"KTM Macina Tour P510"},"content":{"rendered":"<p>Qualit\u00e4t, Komfort, Leistung und Style auf h\u00f6chstem Niveau.<\/p>\n<p>Die MACINA TOUR Modelle bieten mit einer aufrechteren Sitzposition und gefederter oder versenkbarer Sattelst\u00fctze,<\/p>\n<p>nochmals ein St\u00fcck mehr Wohlf\u00fchlfaktor.<\/p>\n","protected":false},"excerpt":{"rendered":"<p>Qualit\u00e4t, Komfort, Leistung und Style auf h\u00f6chstem Niveau. Die MACINA TOUR Modelle bieten mit einer aufrechteren Sitzposition und gefederter oder versenkbarer Sattelst\u00fctze, nochmals ein St\u00fcck mehr Wohlf\u00fchlfaktor.<\/p>\n","protected":false},"featured_media":1403,"comment_status":"open","ping_status":"closed","template":"","meta":[],"product_brand":[],"product_cat":[40],"product_tag":[],"class_list":{"0":"post-1402","1":"product","2":"type-product","3":"status-publish","4":"has-post-thumbnail","6":"product_cat-e-bikes","7":"pa_akku-bosch-powertube-500wh-hor","8":"pa_beleuchtung-vorderes-licht-bm-lumotec-dopp-led-35lux-hinteres-licht-bm-toplight-2c-led","9":"pa_brand-ktm","10":"pa_e-system-bosch-pt-p5i2","11":"pa_farbe-oak-blackorange","12":"pa_federgabel-suntour-nx1-coil-lo-63mm","13":"pa_geschlecht-us","14":"pa_gewicht-261-kg","15":"pa_modelljahr-241","16":"pa_motor-bosch-performance-gen-3-25km-h-65nm","17":"pa_pedale-trekking-pedal-vp-616-anti-slip","18":"pa_radgroesse-63","19":"pa_rahmengroesse-46-cm","20":"pa_schaltwerk-9-g-shimano-alivio","22":"first","23":"instock","24":"sale","25":"taxable","26":"shipping-taxable","27":"purchasable","28":"product-type-simple"},"yoast_head":"<!-- This site is optimized with the Yoast SEO plugin v27.4 - https:\/\/yoast.com\/product\/yoast-seo-wordpress\/ -->\n<title>KTM Macina Tour P510 - Scheffler - Home Of Bikes<\/title>\n<meta name=\"robots\" content=\"index, follow, max-snippet:-1, max-image-preview:large, max-video-preview:-1\" \/>\n<link rel=\"canonical\" href=\"https:\/\/scheffler-bad-saarow.de\/fahrrad\/produkt\/ktm-macina-tour-p510\/\" \/>\n<meta property=\"og:locale\" content=\"de_DE\" \/>\n<meta property=\"og:type\" content=\"article\" \/>\n<meta property=\"og:title\" content=\"KTM Macina Tour P510 - Scheffler - Home Of Bikes\" \/>\n<meta property=\"og:description\" content=\"Qualit\u00e4t, Komfort, Leistung und Style auf h\u00f6chstem Niveau. Die MACINA TOUR Modelle bieten mit einer aufrechteren Sitzposition und gefederter oder versenkbarer Sattelst\u00fctze, nochmals ein St\u00fcck mehr Wohlf\u00fchlfaktor.\" \/>\n<meta property=\"og:url\" content=\"https:\/\/scheffler-bad-saarow.de\/fahrrad\/produkt\/ktm-macina-tour-p510\/\" \/>\n<meta property=\"og:site_name\" content=\"Scheffler - Home Of Bikes\" \/>\n<meta property=\"article:modified_time\" content=\"2024-07-10T03:00:59+00:00\" \/>\n<meta property=\"og:image\" content=\"https:\/\/scheffler-bad-saarow.de\/fahrrad\/wp-content\/uploads\/sites\/3\/2022\/09\/022369506_MACINA_TOUR_P510__oak__black-orange_1.jpg\" \/>\n\t<meta property=\"og:image:width\" content=\"488\" \/>\n\t<meta property=\"og:image:height\" content=\"303\" \/>\n\t<meta property=\"og:image:type\" content=\"image\/jpeg\" \/>\n<meta name=\"twitter:card\" content=\"summary_large_image\" \/>\n<script type=\"application\/ld+json\" class=\"yoast-schema-graph\">{\"@context\":\"https:\\\/\\\/schema.org\",\"@graph\":[{\"@type\":\"WebPage\",\"@id\":\"https:\\\/\\\/scheffler-bad-saarow.de\\\/fahrrad\\\/produkt\\\/ktm-macina-tour-p510\\\/\",\"url\":\"https:\\\/\\\/scheffler-bad-saarow.de\\\/fahrrad\\\/produkt\\\/ktm-macina-tour-p510\\\/\",\"name\":\"KTM Macina Tour P510 - Scheffler - Home Of Bikes\",\"isPartOf\":{\"@id\":\"https:\\\/\\\/scheffler-bad-saarow.de\\\/fahrrad\\\/#website\"},\"primaryImageOfPage\":{\"@id\":\"https:\\\/\\\/scheffler-bad-saarow.de\\\/fahrrad\\\/produkt\\\/ktm-macina-tour-p510\\\/#primaryimage\"},\"image\":{\"@id\":\"https:\\\/\\\/scheffler-bad-saarow.de\\\/fahrrad\\\/produkt\\\/ktm-macina-tour-p510\\\/#primaryimage\"},\"thumbnailUrl\":\"https:\\\/\\\/scheffler-bad-saarow.de\\\/fahrrad\\\/wp-content\\\/uploads\\\/sites\\\/3\\\/2022\\\/09\\\/022369506_MACINA_TOUR_P510__oak__black-orange_1.jpg\",\"datePublished\":\"2022-09-05T11:54:57+00:00\",\"dateModified\":\"2024-07-10T03:00:59+00:00\",\"breadcrumb\":{\"@id\":\"https:\\\/\\\/scheffler-bad-saarow.de\\\/fahrrad\\\/produkt\\\/ktm-macina-tour-p510\\\/#breadcrumb\"},\"inLanguage\":\"de\",\"potentialAction\":[{\"@type\":\"ReadAction\",\"target\":[\"https:\\\/\\\/scheffler-bad-saarow.de\\\/fahrrad\\\/produkt\\\/ktm-macina-tour-p510\\\/\"]}]},{\"@type\":\"ImageObject\",\"inLanguage\":\"de\",\"@id\":\"https:\\\/\\\/scheffler-bad-saarow.de\\\/fahrrad\\\/produkt\\\/ktm-macina-tour-p510\\\/#primaryimage\",\"url\":\"https:\\\/\\\/scheffler-bad-saarow.de\\\/fahrrad\\\/wp-content\\\/uploads\\\/sites\\\/3\\\/2022\\\/09\\\/022369506_MACINA_TOUR_P510__oak__black-orange_1.jpg\",\"contentUrl\":\"https:\\\/\\\/scheffler-bad-saarow.de\\\/fahrrad\\\/wp-content\\\/uploads\\\/sites\\\/3\\\/2022\\\/09\\\/022369506_MACINA_TOUR_P510__oak__black-orange_1.jpg\",\"width\":488,\"height\":303},{\"@type\":\"BreadcrumbList\",\"@id\":\"https:\\\/\\\/scheffler-bad-saarow.de\\\/fahrrad\\\/produkt\\\/ktm-macina-tour-p510\\\/#breadcrumb\",\"itemListElement\":[{\"@type\":\"ListItem\",\"position\":1,\"name\":\"Startseite\",\"item\":\"https:\\\/\\\/scheffler-bad-saarow.de\\\/fahrrad\\\/\"},{\"@type\":\"ListItem\",\"position\":2,\"name\":\"Privat: Shop\",\"item\":\"https:\\\/\\\/scheffler-bad-saarow.de\\\/fahrrad\\\/shop\\\/\"},{\"@type\":\"ListItem\",\"position\":3,\"name\":\"KTM Macina Tour P510\"}]},{\"@type\":\"WebSite\",\"@id\":\"https:\\\/\\\/scheffler-bad-saarow.de\\\/fahrrad\\\/#website\",\"url\":\"https:\\\/\\\/scheffler-bad-saarow.de\\\/fahrrad\\\/\",\"name\":\"Scheffler - Home Of Bikes\",\"description\":\"Eine weitere Scheffler Websites Website\",\"potentialAction\":[{\"@type\":\"SearchAction\",\"target\":{\"@type\":\"EntryPoint\",\"urlTemplate\":\"https:\\\/\\\/scheffler-bad-saarow.de\\\/fahrrad\\\/?s={search_term_string}\"},\"query-input\":{\"@type\":\"PropertyValueSpecification\",\"valueRequired\":true,\"valueName\":\"search_term_string\"}}],\"inLanguage\":\"de\"}]}<\/script>\n<!-- \/ Yoast SEO plugin. -->","yoast_head_json":{"title":"KTM Macina Tour P510 - Scheffler - Home Of Bikes","robots":{"index":"index","follow":"follow","max-snippet":"max-snippet:-1","max-image-preview":"max-image-preview:large","max-video-preview":"max-video-preview:-1"},"canonical":"https:\/\/scheffler-bad-saarow.de\/fahrrad\/produkt\/ktm-macina-tour-p510\/","og_locale":"de_DE","og_type":"article","og_title":"KTM Macina Tour P510 - Scheffler - Home Of Bikes","og_description":"Qualit\u00e4t, Komfort, Leistung und Style auf h\u00f6chstem Niveau. Die MACINA TOUR Modelle bieten mit einer aufrechteren Sitzposition und gefederter oder versenkbarer Sattelst\u00fctze, nochmals ein St\u00fcck mehr Wohlf\u00fchlfaktor.","og_url":"https:\/\/scheffler-bad-saarow.de\/fahrrad\/produkt\/ktm-macina-tour-p510\/","og_site_name":"Scheffler - Home Of Bikes","article_modified_time":"2024-07-10T03:00:59+00:00","og_image":[{"width":488,"height":303,"url":"https:\/\/scheffler-bad-saarow.de\/fahrrad\/wp-content\/uploads\/sites\/3\/2022\/09\/022369506_MACINA_TOUR_P510__oak__black-orange_1.jpg","type":"image\/jpeg"}],"twitter_card":"summary_large_image","schema":{"@context":"https:\/\/schema.org","@graph":[{"@type":"WebPage","@id":"https:\/\/scheffler-bad-saarow.de\/fahrrad\/produkt\/ktm-macina-tour-p510\/","url":"https:\/\/scheffler-bad-saarow.de\/fahrrad\/produkt\/ktm-macina-tour-p510\/","name":"KTM Macina Tour P510 - Scheffler - Home Of Bikes","isPartOf":{"@id":"https:\/\/scheffler-bad-saarow.de\/fahrrad\/#website"},"primaryImageOfPage":{"@id":"https:\/\/scheffler-bad-saarow.de\/fahrrad\/produkt\/ktm-macina-tour-p510\/#primaryimage"},"image":{"@id":"https:\/\/scheffler-bad-saarow.de\/fahrrad\/produkt\/ktm-macina-tour-p510\/#primaryimage"},"thumbnailUrl":"https:\/\/scheffler-bad-saarow.de\/fahrrad\/wp-content\/uploads\/sites\/3\/2022\/09\/022369506_MACINA_TOUR_P510__oak__black-orange_1.jpg","datePublished":"2022-09-05T11:54:57+00:00","dateModified":"2024-07-10T03:00:59+00:00","breadcrumb":{"@id":"https:\/\/scheffler-bad-saarow.de\/fahrrad\/produkt\/ktm-macina-tour-p510\/#breadcrumb"},"inLanguage":"de","potentialAction":[{"@type":"ReadAction","target":["https:\/\/scheffler-bad-saarow.de\/fahrrad\/produkt\/ktm-macina-tour-p510\/"]}]},{"@type":"ImageObject","inLanguage":"de","@id":"https:\/\/scheffler-bad-saarow.de\/fahrrad\/produkt\/ktm-macina-tour-p510\/#primaryimage","url":"https:\/\/scheffler-bad-saarow.de\/fahrrad\/wp-content\/uploads\/sites\/3\/2022\/09\/022369506_MACINA_TOUR_P510__oak__black-orange_1.jpg","contentUrl":"https:\/\/scheffler-bad-saarow.de\/fahrrad\/wp-content\/uploads\/sites\/3\/2022\/09\/022369506_MACINA_TOUR_P510__oak__black-orange_1.jpg","width":488,"height":303},{"@type":"BreadcrumbList","@id":"https:\/\/scheffler-bad-saarow.de\/fahrrad\/produkt\/ktm-macina-tour-p510\/#breadcrumb","itemListElement":[{"@type":"ListItem","position":1,"name":"Startseite","item":"https:\/\/scheffler-bad-saarow.de\/fahrrad\/"},{"@type":"ListItem","position":2,"name":"Privat: Shop","item":"https:\/\/scheffler-bad-saarow.de\/fahrrad\/shop\/"},{"@type":"ListItem","position":3,"name":"KTM Macina Tour P510"}]},{"@type":"WebSite","@id":"https:\/\/scheffler-bad-saarow.de\/fahrrad\/#website","url":"https:\/\/scheffler-bad-saarow.de\/fahrrad\/","name":"Scheffler - Home Of Bikes","description":"Eine weitere Scheffler Websites Website","potentialAction":[{"@type":"SearchAction","target":{"@type":"EntryPoint","urlTemplate":"https:\/\/scheffler-bad-saarow.de\/fahrrad\/?s={search_term_string}"},"query-input":{"@type":"PropertyValueSpecification","valueRequired":true,"valueName":"search_term_string"}}],"inLanguage":"de"}]}},"_links":{"self":[{"href":"https:\/\/scheffler-bad-saarow.de\/fahrrad\/wp-json\/wp\/v2\/product\/1402","targetHints":{"allow":["GET"]}}],"collection":[{"href":"https:\/\/scheffler-bad-saarow.de\/fahrrad\/wp-json\/wp\/v2\/product"}],"about":[{"href":"https:\/\/scheffler-bad-saarow.de\/fahrrad\/wp-json\/wp\/v2\/types\/product"}],"replies":[{"embeddable":true,"href":"https:\/\/scheffler-bad-saarow.de\/fahrrad\/wp-json\/wp\/v2\/comments?post=1402"}],"wp:featuredmedia":[{"embeddable":true,"href":"https:\/\/scheffler-bad-saarow.de\/fahrrad\/wp-json\/wp\/v2\/media\/1403"}],"wp:attachment":[{"href":"https:\/\/scheffler-bad-saarow.de\/fahrrad\/wp-json\/wp\/v2\/media?parent=1402"}],"wp:term":[{"taxonomy":"product_brand","embeddable":true,"href":"https:\/\/scheffler-bad-saarow.de\/fahrrad\/wp-json\/wp\/v2\/product_brand?post=1402"},{"taxonomy":"product_cat","embeddable":true,"href":"https:\/\/scheffler-bad-saarow.de\/fahrrad\/wp-json\/wp\/v2\/product_cat?post=1402"},{"taxonomy":"product_tag","embeddable":true,"href":"https:\/\/scheffler-bad-saarow.de\/fahrrad\/wp-json\/wp\/v2\/product_tag?post=1402"}],"curies":[{"name":"wp","href":"https:\/\/api.w.org\/{rel}","templated":true}]}}